{"id":3,"date":"2025-06-19T16:39:29","date_gmt":"2025-06-19T14:39:29","guid":{"rendered":"https:\/\/joseserranotransporte.adrirodrigoj2.es\/?page_id=3"},"modified":"2025-10-22T09:52:59","modified_gmt":"2025-10-22T07:52:59","slug":"privacidad","status":"publish","type":"page","link":"https:\/\/joseserranotransporte.adrirodrigoj2.es\/en\/privacidad\/","title":{"rendered":"Pol\u00edtica de privacidad"},"content":{"rendered":"<style>.elementor-3 .elementor-element.elementor-element-696d33a{--display:flex;}.elementor-3 .elementor-element.elementor-element-2cfba0a > .elementor-widget-container{margin:10em 0em 0em 0em;}.elementor-3 .elementor-element.elementor-element-993b554{--display:flex;}@media(max-width:767px){.elementor-3 .elementor-element.elementor-element-2cfba0a > .elementor-widget-container{margin:7em 0em 0em 0em;}}<\/style>\t\t<div data-elementor-type=\"wp-page\" data-elementor-id=\"3\" class=\"elementor elementor-3\" data-elementor-post-type=\"page\">\n\t\t\t\t<div class=\"elementor-element elementor-element-696d33a e-flex e-con-boxed e-con e-parent\" data-id=\"696d33a\" data-element_type=\"container\" data-e-type=\"container\">\n\t\t\t\t\t<div class=\"e-con-inner\">\n\t\t\t\t<div class=\"elementor-element elementor-element-2cfba0a elementor-widget elementor-widget-heading\" data-id=\"2cfba0a\" data-element_type=\"widget\" data-e-type=\"widget\" data-widget_type=\"heading.default\">\n\t\t\t\t<div class=\"elementor-widget-container\">\n\t\t\t\t\t<h1 class=\"elementor-heading-title elementor-size-default\">Pol\u00edtica de privacidad<\/h1>\t\t\t\t<\/div>\n\t\t\t\t<\/div>\n\t\t\t\t\t<\/div>\n\t\t\t\t<\/div>\n\t\t<div class=\"elementor-element elementor-element-993b554 e-flex e-con-boxed e-con e-parent\" data-id=\"993b554\" data-element_type=\"container\" data-e-type=\"container\">\n\t\t\t\t\t<div class=\"e-con-inner\">\n\t\t\t\t<div class=\"elementor-element elementor-element-0dd8684 elementor-widget elementor-widget-text-editor\" data-id=\"0dd8684\" data-element_type=\"widget\" data-e-type=\"widget\" data-widget_type=\"text-editor.default\">\n\t\t\t\t<div class=\"elementor-widget-container\">\n\t\t\t\t\t\t\t\t\t<p>Lorem ipsum dolor sit amet, consectetur adipiscing elit. Ut elit tellus, luctus nec ullamcorper mattis, pulvinar dapibus leo.<\/p>\t\t\t\t\t\t\t\t<\/div>\n\t\t\t\t<\/div>\n\t\t\t\t\t<\/div>\n\t\t\t\t<\/div>\n\t\t\t\t<\/div>","protected":false},"excerpt":{"rendered":"<p>Pol\u00edtica de privacidad Lorem ipsum dolor sit amet, consectetur adipiscing elit. Ut elit tellus, luctus nec ullamcorper mattis, pulvinar dapibus leo.<\/p>","protected":false},"author":2,"featured_media":0,"parent":0,"menu_order":0,"comment_status":"closed","ping_status":"open","template":"","meta":{"footnotes":""},"class_list":["post-3","page","type-page","status-publish","hentry"],"yoast_head":"<!-- This site is optimized with the Yoast SEO plugin v27.4 - https:\/\/yoast.com\/product\/yoast-seo-wordpress\/ -->\n<title>Pol\u00edtica de privacidad - Jos\u00e9 Serrano Transporte<\/title>\n<meta name=\"robots\" content=\"noindex, follow\" \/>\n<meta property=\"og:locale\" content=\"en_US\" \/>\n<meta property=\"og:type\" content=\"article\" \/>\n<meta property=\"og:title\" content=\"Pol\u00edtica de privacidad - Jos\u00e9 Serrano Transporte\" \/>\n<meta property=\"og:description\" content=\"Pol\u00edtica de privacidad Lorem ipsum dolor sit amet, consectetur adipiscing elit. Ut elit tellus, luctus nec ullamcorper mattis, pulvinar dapibus leo.\" \/>\n<meta property=\"og:url\" content=\"https:\/\/joseserranotransporte.adrirodrigoj2.es\/en\/privacidad\/\" \/>\n<meta property=\"og:site_name\" content=\"Jos\u00e9 Serrano Transporte\" \/>\n<meta property=\"article:modified_time\" content=\"2025-10-22T07:52:59+00:00\" \/>\n<meta name=\"twitter:card\" content=\"summary_large_image\" \/>\n<meta name=\"twitter:label1\" content=\"Est. reading time\" \/>\n\t<meta name=\"twitter:data1\" content=\"1 minute\" \/>\n<script type=\"application\/ld+json\" class=\"yoast-schema-graph\">{\"@context\":\"https:\\\/\\\/schema.org\",\"@graph\":[{\"@type\":\"WebPage\",\"@id\":\"https:\\\/\\\/joseserranotransporte.adrirodrigoj2.es\\\/privacidad\\\/\",\"url\":\"https:\\\/\\\/joseserranotransporte.adrirodrigoj2.es\\\/privacidad\\\/\",\"name\":\"Pol\u00edtica de privacidad - Jos\u00e9 Serrano Transporte\",\"isPartOf\":{\"@id\":\"https:\\\/\\\/joseserranotransporte.adrirodrigoj2.es\\\/#website\"},\"datePublished\":\"2025-06-19T14:39:29+00:00\",\"dateModified\":\"2025-10-22T07:52:59+00:00\",\"breadcrumb\":{\"@id\":\"https:\\\/\\\/joseserranotransporte.adrirodrigoj2.es\\\/privacidad\\\/#breadcrumb\"},\"inLanguage\":\"en-US\",\"potentialAction\":[{\"@type\":\"ReadAction\",\"target\":[\"https:\\\/\\\/joseserranotransporte.adrirodrigoj2.es\\\/privacidad\\\/\"]}]},{\"@type\":\"BreadcrumbList\",\"@id\":\"https:\\\/\\\/joseserranotransporte.adrirodrigoj2.es\\\/privacidad\\\/#breadcrumb\",\"itemListElement\":[{\"@type\":\"ListItem\",\"position\":1,\"name\":\"Portada\",\"item\":\"https:\\\/\\\/joseserranotransporte.adrirodrigoj2.es\\\/\"},{\"@type\":\"ListItem\",\"position\":2,\"name\":\"Pol\u00edtica de privacidad\"}]},{\"@type\":\"WebSite\",\"@id\":\"https:\\\/\\\/joseserranotransporte.adrirodrigoj2.es\\\/#website\",\"url\":\"https:\\\/\\\/joseserranotransporte.adrirodrigoj2.es\\\/\",\"name\":\"Jos\u00e9 Serrano Transporte\",\"description\":\"\",\"potentialAction\":[{\"@type\":\"SearchAction\",\"target\":{\"@type\":\"EntryPoint\",\"urlTemplate\":\"https:\\\/\\\/joseserranotransporte.adrirodrigoj2.es\\\/?s={search_term_string}\"},\"query-input\":{\"@type\":\"PropertyValueSpecification\",\"valueRequired\":true,\"valueName\":\"search_term_string\"}}],\"inLanguage\":\"en-US\"}]}<\/script>\n<!-- \/ Yoast SEO plugin. -->","yoast_head_json":{"title":"Pol\u00edtica de privacidad - Jos\u00e9 Serrano Transporte","robots":{"index":"noindex","follow":"follow"},"og_locale":"en_US","og_type":"article","og_title":"Pol\u00edtica de privacidad - Jos\u00e9 Serrano Transporte","og_description":"Pol\u00edtica de privacidad Lorem ipsum dolor sit amet, consectetur adipiscing elit. Ut elit tellus, luctus nec ullamcorper mattis, pulvinar dapibus leo.","og_url":"https:\/\/joseserranotransporte.adrirodrigoj2.es\/en\/privacidad\/","og_site_name":"Jos\u00e9 Serrano Transporte","article_modified_time":"2025-10-22T07:52:59+00:00","twitter_card":"summary_large_image","twitter_misc":{"Est. reading time":"1 minute"},"schema":{"@context":"https:\/\/schema.org","@graph":[{"@type":"WebPage","@id":"https:\/\/joseserranotransporte.adrirodrigoj2.es\/privacidad\/","url":"https:\/\/joseserranotransporte.adrirodrigoj2.es\/privacidad\/","name":"Pol\u00edtica de privacidad - Jos\u00e9 Serrano Transporte","isPartOf":{"@id":"https:\/\/joseserranotransporte.adrirodrigoj2.es\/#website"},"datePublished":"2025-06-19T14:39:29+00:00","dateModified":"2025-10-22T07:52:59+00:00","breadcrumb":{"@id":"https:\/\/joseserranotransporte.adrirodrigoj2.es\/privacidad\/#breadcrumb"},"inLanguage":"en-US","potentialAction":[{"@type":"ReadAction","target":["https:\/\/joseserranotransporte.adrirodrigoj2.es\/privacidad\/"]}]},{"@type":"BreadcrumbList","@id":"https:\/\/joseserranotransporte.adrirodrigoj2.es\/privacidad\/#breadcrumb","itemListElement":[{"@type":"ListItem","position":1,"name":"Portada","item":"https:\/\/joseserranotransporte.adrirodrigoj2.es\/"},{"@type":"ListItem","position":2,"name":"Pol\u00edtica de privacidad"}]},{"@type":"WebSite","@id":"https:\/\/joseserranotransporte.adrirodrigoj2.es\/#website","url":"https:\/\/joseserranotransporte.adrirodrigoj2.es\/","name":"Jos\u00e9 Serrano Transporte","description":"","potentialAction":[{"@type":"SearchAction","target":{"@type":"EntryPoint","urlTemplate":"https:\/\/joseserranotransporte.adrirodrigoj2.es\/?s={search_term_string}"},"query-input":{"@type":"PropertyValueSpecification","valueRequired":true,"valueName":"search_term_string"}}],"inLanguage":"en-US"}]}},"_links":{"self":[{"href":"https:\/\/joseserranotransporte.adrirodrigoj2.es\/en\/wp-json\/wp\/v2\/pages\/3","targetHints":{"allow":["GET"]}}],"collection":[{"href":"https:\/\/joseserranotransporte.adrirodrigoj2.es\/en\/wp-json\/wp\/v2\/pages"}],"about":[{"href":"https:\/\/joseserranotransporte.adrirodrigoj2.es\/en\/wp-json\/wp\/v2\/types\/page"}],"author":[{"embeddable":true,"href":"https:\/\/joseserranotransporte.adrirodrigoj2.es\/en\/wp-json\/wp\/v2\/users\/2"}],"replies":[{"embeddable":true,"href":"https:\/\/joseserranotransporte.adrirodrigoj2.es\/en\/wp-json\/wp\/v2\/comments?post=3"}],"version-history":[{"count":4,"href":"https:\/\/joseserranotransporte.adrirodrigoj2.es\/en\/wp-json\/wp\/v2\/pages\/3\/revisions"}],"predecessor-version":[{"id":378,"href":"https:\/\/joseserranotransporte.adrirodrigoj2.es\/en\/wp-json\/wp\/v2\/pages\/3\/revisions\/378"}],"wp:attachment":[{"href":"https:\/\/joseserranotransporte.adrirodrigoj2.es\/en\/wp-json\/wp\/v2\/media?parent=3"}],"curies":[{"name":"wp","href":"https:\/\/api.w.org\/{rel}","templated":true}]}}